{"id":1536,"date":"2023-12-04T20:47:35","date_gmt":"2023-12-04T20:47:35","guid":{"rendered":"https:\/\/consultingbrz.allquadrado.com.br\/conta-de-associacao\/confirmacao-da-associacao\/"},"modified":"2023-12-04T20:47:35","modified_gmt":"2023-12-04T20:47:35","slug":"confirmacao-da-associacao","status":"publish","type":"page","link":"https:\/\/consultingbrz.com.br\/en\/conta-de-associacao\/confirmacao-da-associacao\/","title":{"rendered":"Confirma\u00e7\u00e3o da associa\u00e7\u00e3o"},"content":{"rendered":"<p>[pmpro_confirmation]<\/p>\n","protected":false},"excerpt":{"rendered":"<p>[pmpro_confirmation]<\/p>\n","protected":false},"author":1,"featured_media":0,"parent":1532,"menu_order":0,"comment_status":"closed","ping_status":"closed","template":"","meta":{"footnotes":""},"class_list":["post-1536","page","type-page","status-publish","hentry"],"_links":{"self":[{"href":"https:\/\/consultingbrz.com.br\/en\/wp-json\/wp\/v2\/pages\/1536","targetHints":{"allow":["GET"]}}],"collection":[{"href":"https:\/\/consultingbrz.com.br\/en\/wp-json\/wp\/v2\/pages"}],"about":[{"href":"https:\/\/consultingbrz.com.br\/en\/wp-json\/wp\/v2\/types\/page"}],"author":[{"embeddable":true,"href":"https:\/\/consultingbrz.com.br\/en\/wp-json\/wp\/v2\/users\/1"}],"replies":[{"embeddable":true,"href":"https:\/\/consultingbrz.com.br\/en\/wp-json\/wp\/v2\/comments?post=1536"}],"version-history":[{"count":0,"href":"https:\/\/consultingbrz.com.br\/en\/wp-json\/wp\/v2\/pages\/1536\/revisions"}],"up":[{"embeddable":true,"href":"https:\/\/consultingbrz.com.br\/en\/wp-json\/wp\/v2\/pages\/1532"}],"wp:attachment":[{"href":"https:\/\/consultingbrz.com.br\/en\/wp-json\/wp\/v2\/media?parent=1536"}],"curies":[{"name":"wp","href":"https:\/\/api.w.org\/{rel}","templated":true}]}}