{"id":1512,"date":"2023-12-04T18:38:05","date_gmt":"2023-12-04T18:38:05","guid":{"rendered":"https:\/\/consultingbrz.allquadrado.com.br\/?page_id=1512"},"modified":"2023-12-05T19:40:47","modified_gmt":"2023-12-05T19:40:47","slug":"assinar","status":"publish","type":"page","link":"https:\/\/consultingbrz.com.br\/en\/assinar\/","title":{"rendered":"Assinar"},"content":{"rendered":"<div data-elementor-type=\"wp-page\" data-elementor-id=\"1512\" class=\"elementor elementor-1512\" data-elementor-post-type=\"page\">\n\t\t\t\t\t\t<section class=\"elementor-section elementor-top-section elementor-element elementor-element-07143ae elementor-section-boxed elementor-section-height-default elementor-section-height-default\" data-id=\"07143ae\" data-element_type=\"section\" data-e-type=\"section\">\n\t\t\t\t\t\t<div class=\"elementor-container elementor-column-gap-default\">\n\t\t\t\t\t<div class=\"elementor-column elementor-col-100 elementor-top-column elementor-element elementor-element-f7aea7a\" data-id=\"f7aea7a\" data-element_type=\"column\" data-e-type=\"column\">\n\t\t\t<div class=\"elementor-widget-wrap elementor-element-populated\">\n\t\t\t\t\t\t<div class=\"elementor-element elementor-element-36fa55b elementor-widget elementor-widget-heading\" data-id=\"36fa55b\" data-element_type=\"widget\" data-e-type=\"widget\" data-widget_type=\"heading.default\">\n\t\t\t\t<div class=\"elementor-widget-container\">\n\t\t\t\t\t<h2 class=\"elementor-heading-title elementor-size-default\">Check below if the chosen plan is correct, then fill in the details and click on sign up to be obligatory with the contract.<\/h2>\t\t\t\t<\/div>\n\t\t\t\t<\/div>\n\t\t\t\t<div class=\"elementor-element elementor-element-0499ba0 elementor-widget elementor-widget-pms-register\" data-id=\"0499ba0\" data-element_type=\"widget\" data-e-type=\"widget\" data-widget_type=\"pms-register.default\">\n\t\t\t\t<div class=\"elementor-widget-container\">\n\t\t\t\t\t\n<form id=\"pms_register-form\" class=\"pms-form\" method=\"POST\" action=\"\">\n\n    \n    <input type=\"hidden\" id=\"pmstkn\" name=\"pmstkn\" value=\"2f43358c22\" \/><input type=\"hidden\" name=\"_wp_http_referer\" value=\"\/en\/wp-json\/wp\/v2\/pages\/1512\" \/>\n    <ul class=\"pms-form-fields-wrapper\">\n\n        \n        \n        <div class=\"pms-account-section-wrapper\">\n            \n                        <li class=\"pms-field pms-user-login-field\">\n                <label for=\"pms_user_login\">Username *<\/label>\n                <input id=\"pms_user_login\" name=\"user_login\" type=\"text\" value=\"\" \/>\n\n                            <\/li>\n\n                        <li class=\"pms-field pms-user-email-field\">\n                <label for=\"pms_user_email\">E-mail *<\/label>\n                <input id=\"pms_user_email\" name=\"user_email\" type=\"text\" value=\"\" \/>\n\n                            <\/li>\n\n                        <li class=\"pms-field pms-first-name-field\">\n                <label for=\"pms_first_name\">First Name<\/label>\n                <input id=\"pms_first_name\" name=\"first_name\" type=\"text\" value=\"\" \/>\n\n                            <\/li>\n\n                        <li class=\"pms-field pms-last-name-field\">\n                <label for=\"pms_last_name\">Last Name<\/label>\n                <input id=\"pms_last_name\" name=\"last_name\" type=\"text\" value=\"\" \/>\n\n                            <\/li>\n\n                        <li class=\"pms-field pms-pass1-field\">\n                <label for=\"pms_pass1\">Password *<\/label>\n                <input id=\"pms_pass1\" name=\"pass1\" type=\"password\" \/>\n\n                \n                            <\/li>\n\n                        <li class=\"pms-field pms-pass2-field\">\n                <label for=\"pms_pass2\">Repeat Password *<\/label>\n                <input id=\"pms_pass2\" name=\"pass2\" type=\"password\" \/>\n\n                            <\/li>\n\n                <li style=\"list-style-type: none;\" class=\"pms-field pms-gdpr-field\">\n        <label for=\"pms_user_consent\">\n            <input id=\"pms_user_consent\" name=\"user_consent\" type=\"checkbox\" value=\"1\">\n\n            <span class=\"pms-gdpr-field-text\">\n            Autorizo \u200b\u200bque o site colete e armazene os dados que ser\u00e3o submetidos atrav\u00e9s deste formul\u00e1rio.            <\/span>\n        <\/label>\n            <\/li>\n            <\/div>\n\n        \n        <li class=\"pms-field pms-field-subscriptions\"><div class=\"pms-subscription-plan pms-hidden pms-subscription-plan-1550\"><input type=\"hidden\" name=\"subscription_plans\" data-price=\"9.99\" data-duration=\"1\" data-fixed_membership=\"\" data-allow_renew=\"\" data-sign_up_fee=\"0\" data-trial=\"0\" data-recurring=\"0\"  value=\"1550\" \/><label><span class=\"pms-subscription-plan-name\">Premium Plan<\/span><span class=\"pms-subscription-plan-price\"><span class=\"pms-divider\"> - <\/span><span class=\"pms-subscription-plan-currency\">&#82;&#36;<\/span><span class=\"pms-subscription-plan-price-value\">9.99<\/span><span class=\"pms-divider pms-duration-divider\"> \/ <\/span><span class=\"pms-subscription-plan-duration\">1 Month<\/span><\/span><span class=\"pms-subscription-plan-trial\"><\/span><span class=\"pms-subscription-plan-sign-up-fee\"><\/span><\/label><div class=\"pms-subscription-plan-description\">Premium Subscription<\/div><\/div><div class=\"pms-subscription-plan-auto-renew\"><label><input name=\"pms_recurring\" type=\"checkbox\" value=\"1\"  \/>Automatically renew subscription<\/label><\/div><input type=\"hidden\" name=\"pms_default_recurring\" value=\"1\" \/><\/li>\n    <\/ul>\n\n    <span id=\"pms-submit-button-loading-placeholder-text\" style=\"display: none;\">Processing. Please wait...<\/span><div class=\"pms-paygates-holder\"><div id=\"pms-paygates-wrapper\"><input type=\"hidden\" class=\"pms_pay_gate\" name=\"pay_gate\" value=\"manual\" data-sign_up_fee=\"1\" data-trial=\"1\" data-recurring=\"1\"  \/><\/div><\/div>\n            <input class=\"pms-form-submit\" name=\"pms_register\" type=\"submit\" value=\"Register\" \/>\n    \n<input type=\"hidden\" name=\"trp-form-language\" value=\"en\"\/><\/form>\n\t\t\t\t<\/div>\n\t\t\t\t<\/div>\n\t\t\t\t\t<\/div>\n\t\t<\/div>\n\t\t\t\t\t<\/div>\n\t\t<\/section>\n\t\t\t\t<\/div>","protected":false},"excerpt":{"rendered":"<p>Confira abaixo se o plano escolhido esta correto, depois preencha os dados e clique em inscreva-se para prosseguir com a contrata\u00e7\u00e3o Plano Premium &#8211; Gr\u00e1tis \/<span class=\"excerpt-hellip\"> [\u2026]<\/span><\/p>\n","protected":false},"author":1,"featured_media":0,"parent":0,"menu_order":0,"comment_status":"closed","ping_status":"closed","template":"","meta":{"footnotes":""},"class_list":["post-1512","page","type-page","status-publish","hentry"],"_links":{"self":[{"href":"https:\/\/consultingbrz.com.br\/en\/wp-json\/wp\/v2\/pages\/1512","targetHints":{"allow":["GET"]}}],"collection":[{"href":"https:\/\/consultingbrz.com.br\/en\/wp-json\/wp\/v2\/pages"}],"about":[{"href":"https:\/\/consultingbrz.com.br\/en\/wp-json\/wp\/v2\/types\/page"}],"author":[{"embeddable":true,"href":"https:\/\/consultingbrz.com.br\/en\/wp-json\/wp\/v2\/users\/1"}],"replies":[{"embeddable":true,"href":"https:\/\/consultingbrz.com.br\/en\/wp-json\/wp\/v2\/comments?post=1512"}],"version-history":[{"count":10,"href":"https:\/\/consultingbrz.com.br\/en\/wp-json\/wp\/v2\/pages\/1512\/revisions"}],"predecessor-version":[{"id":1558,"href":"https:\/\/consultingbrz.com.br\/en\/wp-json\/wp\/v2\/pages\/1512\/revisions\/1558"}],"wp:attachment":[{"href":"https:\/\/consultingbrz.com.br\/en\/wp-json\/wp\/v2\/media?parent=1512"}],"curies":[{"name":"wp","href":"https:\/\/api.w.org\/{rel}","templated":true}]}}