{"id":1473,"date":"2023-12-04T14:19:27","date_gmt":"2023-12-04T14:19:27","guid":{"rendered":"https:\/\/consultingbrz.allquadrado.com.br\/?page_id=1473"},"modified":"2023-12-08T13:40:21","modified_gmt":"2023-12-08T13:40:21","slug":"seja-membro","status":"publish","type":"page","link":"https:\/\/consultingbrz.com.br\/en\/seja-membro\/","title":{"rendered":"Seja Membro"},"content":{"rendered":"<div data-elementor-type=\"wp-page\" data-elementor-id=\"1473\" class=\"elementor elementor-1473\" data-elementor-post-type=\"page\">\n\t\t\t\t\t\t<section class=\"elementor-section elementor-top-section elementor-element elementor-element-b602c7e elementor-section-stretched elementor-section-boxed elementor-section-height-default elementor-section-height-default\" data-id=\"b602c7e\" data-element_type=\"section\" data-e-type=\"section\" data-settings=\"{&quot;stretch_section&quot;:&quot;section-stretched&quot;,&quot;background_background&quot;:&quot;classic&quot;}\">\n\t\t\t\t\t\t<div class=\"elementor-container elementor-column-gap-wider\">\n\t\t\t\t\t<div class=\"elementor-column elementor-col-100 elementor-top-column elementor-element elementor-element-625f90b\" data-id=\"625f90b\" data-element_type=\"column\" data-e-type=\"column\" data-settings=\"{&quot;background_background&quot;:&quot;classic&quot;}\">\n\t\t\t<div class=\"elementor-widget-wrap elementor-element-populated\">\n\t\t\t\t\t\t<div class=\"elementor-element elementor-element-b21bfbf elementor-view-default elementor-widget elementor-widget-icon\" data-id=\"b21bfbf\" data-element_type=\"widget\" data-e-type=\"widget\" data-widget_type=\"icon.default\">\n\t\t\t\t<div class=\"elementor-widget-container\">\n\t\t\t\t\t\t\t<div class=\"elementor-icon-wrapper\">\n\t\t\t<div class=\"elementor-icon\">\n\t\t\t<svg xmlns=\"http:\/\/www.w3.org\/2000\/svg\" xmlns:xlink=\"http:\/\/www.w3.org\/1999\/xlink\" id=\"Capa_1\" x=\"0px\" y=\"0px\" viewbox=\"0 0 512 512\" style=\"enable-background:new 0 0 512 512;\" xml:space=\"preserve\"><g>\t<g>\t\t<g>\t\t\t<path d=\"M290.211,360.727c-5.234,0.488-10.489-0.693-15.011-3.375c-3.304-3.392-4.888-8.101-4.305-12.8    c0.122-3.912,0.589-7.806,1.396-11.636c0.781-4.394,1.79-8.744,3.025-13.033l13.731-47.244c1.416-4.663,2.352-9.459,2.793-14.313    c0-5.236,0.698-8.844,0.698-10.938c0.292-9.333-3.693-18.289-10.822-24.32c-8.769-6.732-19.689-10.041-30.72-9.309    c-7.905,0.119-15.749,1.413-23.273,3.84c-8.223,2.56-16.873,5.624-25.949,9.193l-3.956,15.36    c2.676-0.931,5.935-1.978,9.658-3.142c3.552-1.052,7.234-1.601,10.938-1.629c5.196-0.563,10.426,0.713,14.778,3.607    c2.956,3.527,4.343,8.109,3.84,12.684c-0.013,3.913-0.442,7.814-1.28,11.636c-0.815,4.073-1.862,8.378-3.142,12.916    l-13.847,47.476c-1.116,4.413-2.009,8.879-2.676,13.382c-0.544,3.855-0.816,7.743-0.815,11.636    c-0.057,9.397,4.24,18.291,11.636,24.087c8.904,6.837,19.98,10.226,31.185,9.542c7.89,0.162,15.753-0.978,23.273-3.375    c6.594-2.25,15.399-5.469,26.415-9.658l3.724-14.662c-2.984,1.238-6.057,2.249-9.193,3.025    C298.346,360.583,294.274,360.935,290.211,360.727z\"><\/path>\t\t\t<path d=\"M304.756,136.727c-6.333-5.816-14.677-8.945-23.273-8.727c-8.591-0.194-16.927,2.932-23.273,8.727    c-11.632,10.03-12.931,27.591-2.9,39.224c0.894,1.037,1.863,2.006,2.9,2.9c13.252,11.853,33.294,11.853,46.545,0    c11.632-10.129,12.851-27.769,2.722-39.401C306.635,138.481,305.725,137.571,304.756,136.727z\"><\/path>\t\t\t<path d=\"M256,0C114.615,0,0,114.615,0,256s114.615,256,256,256s256-114.615,256-256S397.385,0,256,0z M256,488.727    C127.468,488.727,23.273,384.532,23.273,256S127.468,23.273,256,23.273S488.727,127.468,488.727,256S384.532,488.727,256,488.727    z\"><\/path>\t\t<\/g>\t<\/g><\/g><g><\/g><g><\/g><g><\/g><g><\/g><g><\/g><g><\/g><g><\/g><g><\/g><g><\/g><g><\/g><g><\/g><g><\/g><g><\/g><g><\/g><g><\/g><\/svg>\t\t\t<\/div>\n\t\t<\/div>\n\t\t\t\t\t\t<\/div>\n\t\t\t\t<\/div>\n\t\t\t\t<div class=\"elementor-element elementor-element-9f67099 elementor-widget elementor-widget-heading\" data-id=\"9f67099\" data-element_type=\"widget\" data-e-type=\"widget\" data-widget_type=\"heading.default\">\n\t\t\t\t<div class=\"elementor-widget-container\">\n\t\t\t\t\t<h2 class=\"elementor-heading-title elementor-size-default\">Este conte\u00fado e exclusivo apnas para assinantes<\/h2>\t\t\t\t<\/div>\n\t\t\t\t<\/div>\n\t\t\t\t<div class=\"elementor-element elementor-element-5c458b6 elementor-widget elementor-widget-heading\" data-id=\"5c458b6\" data-element_type=\"widget\" data-e-type=\"widget\" data-widget_type=\"heading.default\">\n\t\t\t\t<div class=\"elementor-widget-container\">\n\t\t\t\t\t<h2 class=\"elementor-heading-title elementor-size-default\">Voc\u00ea precisa estar logado para ter acesso a este conte\u00fado<\/h2>\t\t\t\t<\/div>\n\t\t\t\t<\/div>\n\t\t\t\t<section class=\"elementor-section elementor-inner-section elementor-element elementor-element-4b26f8b elementor-section-boxed elementor-section-height-default elementor-section-height-default\" data-id=\"4b26f8b\" data-element_type=\"section\" data-e-type=\"section\">\n\t\t\t\t\t\t<div class=\"elementor-container elementor-column-gap-default\">\n\t\t\t\t\t<div class=\"elementor-column elementor-col-50 elementor-inner-column elementor-element elementor-element-4c0b039\" data-id=\"4c0b039\" data-element_type=\"column\" data-e-type=\"column\">\n\t\t\t<div class=\"elementor-widget-wrap elementor-element-populated\">\n\t\t\t\t\t\t<div class=\"elementor-element elementor-element-2217636 elementor-widget elementor-widget-heading\" data-id=\"2217636\" data-element_type=\"widget\" data-e-type=\"widget\" data-widget_type=\"heading.default\">\n\t\t\t\t<div class=\"elementor-widget-container\">\n\t\t\t\t\t<h2 class=\"elementor-heading-title elementor-size-default\">J\u00e1 \u00e9 assinante?<\/h2>\t\t\t\t<\/div>\n\t\t\t\t<\/div>\n\t\t\t\t<div class=\"elementor-element elementor-element-a8a0577 elementor-mobile-align-center elementor-align-right elementor-widget elementor-widget-button\" data-id=\"a8a0577\" data-element_type=\"widget\" data-e-type=\"widget\" data-widget_type=\"button.default\">\n\t\t\t\t<div class=\"elementor-widget-container\">\n\t\t\t\t\t\t\t\t\t<div class=\"elementor-button-wrapper\">\n\t\t\t\t\t<a class=\"elementor-button elementor-button-link elementor-size-sm\" href=\"https:\/\/consultingbrz.com.br\/en\/minha-conta\/\">\n\t\t\t\t\t\t<span class=\"elementor-button-content-wrapper\">\n\t\t\t\t\t\t\t\t\t<span class=\"elementor-button-text\">FAZER LOGIN<\/span>\n\t\t\t\t\t<\/span>\n\t\t\t\t\t<\/a>\n\t\t\t\t<\/div>\n\t\t\t\t\t\t\t\t<\/div>\n\t\t\t\t<\/div>\n\t\t\t\t\t<\/div>\n\t\t<\/div>\n\t\t\t\t<div class=\"elementor-column elementor-col-50 elementor-inner-column elementor-element elementor-element-1c9dbc1\" data-id=\"1c9dbc1\" data-element_type=\"column\" data-e-type=\"column\">\n\t\t\t<div class=\"elementor-widget-wrap elementor-element-populated\">\n\t\t\t\t\t\t<div class=\"elementor-element elementor-element-d080a9f elementor-widget elementor-widget-heading\" data-id=\"d080a9f\" data-element_type=\"widget\" data-e-type=\"widget\" data-widget_type=\"heading.default\">\n\t\t\t\t<div class=\"elementor-widget-container\">\n\t\t\t\t\t<h2 class=\"elementor-heading-title elementor-size-default\">Ou cadastre-se<\/h2>\t\t\t\t<\/div>\n\t\t\t\t<\/div>\n\t\t\t\t<div class=\"elementor-element elementor-element-7801522 elementor-mobile-align-center elementor-widget elementor-widget-button\" data-id=\"7801522\" data-element_type=\"widget\" data-e-type=\"widget\" data-widget_type=\"button.default\">\n\t\t\t\t<div class=\"elementor-widget-container\">\n\t\t\t\t\t\t\t\t\t<div class=\"elementor-button-wrapper\">\n\t\t\t\t\t<a class=\"elementor-button elementor-button-link elementor-size-sm\" href=\"https:\/\/consultingbrz.com.br\/en\/finalizar-compra\/?add-to-cart=1547\" rel=\"nofollow\">\n\t\t\t\t\t\t<span class=\"elementor-button-content-wrapper\">\n\t\t\t\t\t\t\t\t\t<span class=\"elementor-button-text\">ASSINAR UM PLANO<\/span>\n\t\t\t\t\t<\/span>\n\t\t\t\t\t<\/a>\n\t\t\t\t<\/div>\n\t\t\t\t\t\t\t\t<\/div>\n\t\t\t\t<\/div>\n\t\t\t\t\t<\/div>\n\t\t<\/div>\n\t\t\t\t\t<\/div>\n\t\t<\/section>\n\t\t\t\t<div class=\"elementor-element elementor-element-f720209 elementor-widget elementor-widget-heading\" data-id=\"f720209\" data-element_type=\"widget\" data-e-type=\"widget\" data-widget_type=\"heading.default\">\n\t\t\t\t<div class=\"elementor-widget-container\">\n\t\t\t\t\t<h2 class=\"elementor-heading-title elementor-size-default\"><a href=\"https:\/\/consultingbrz.com.br\/en\/\">Voltar para Brz Consulting<\/a><\/h2>\t\t\t\t<\/div>\n\t\t\t\t<\/div>\n\t\t\t\t\t<\/div>\n\t\t<\/div>\n\t\t\t\t\t<\/div>\n\t\t<\/section>\n\t\t\t\t<\/div>","protected":false},"excerpt":{"rendered":"<p>Este conte\u00fado e exclusivo apnas para assinantes Voc\u00ea precisa estar logado para ter acesso a este conte\u00fado J\u00e1 \u00e9 assinante? FAZER LOGIN Ou cadastre-se ASSINAR UM<span class=\"excerpt-hellip\"> [\u2026]<\/span><\/p>\n","protected":false},"author":1,"featured_media":0,"parent":0,"menu_order":0,"comment_status":"closed","ping_status":"closed","template":"","meta":{"footnotes":""},"class_list":["post-1473","page","type-page","status-publish","hentry"],"_links":{"self":[{"href":"https:\/\/consultingbrz.com.br\/en\/wp-json\/wp\/v2\/pages\/1473","targetHints":{"allow":["GET"]}}],"collection":[{"href":"https:\/\/consultingbrz.com.br\/en\/wp-json\/wp\/v2\/pages"}],"about":[{"href":"https:\/\/consultingbrz.com.br\/en\/wp-json\/wp\/v2\/types\/page"}],"author":[{"embeddable":true,"href":"https:\/\/consultingbrz.com.br\/en\/wp-json\/wp\/v2\/users\/1"}],"replies":[{"embeddable":true,"href":"https:\/\/consultingbrz.com.br\/en\/wp-json\/wp\/v2\/comments?post=1473"}],"version-history":[{"count":73,"href":"https:\/\/consultingbrz.com.br\/en\/wp-json\/wp\/v2\/pages\/1473\/revisions"}],"predecessor-version":[{"id":1881,"href":"https:\/\/consultingbrz.com.br\/en\/wp-json\/wp\/v2\/pages\/1473\/revisions\/1881"}],"wp:attachment":[{"href":"https:\/\/consultingbrz.com.br\/en\/wp-json\/wp\/v2\/media?parent=1473"}],"curies":[{"name":"wp","href":"https:\/\/api.w.org\/{rel}","templated":true}]}}